{"id":26,"date":"2019-05-13T14:00:32","date_gmt":"2019-05-13T14:00:32","guid":{"rendered":"http:\/\/rphpapier.dyalcom.pl\/?page_id=26"},"modified":"2019-05-14T16:51:12","modified_gmt":"2019-05-14T12:51:12","slug":"o-nas","status":"publish","type":"page","link":"https:\/\/rphpapier.dyalcom.pl\/","title":{"rendered":"o nas"},"content":{"rendered":"\n<p>Firma RPH Sp. z o.o.\u00a0jest stabiln\u0105 i pr\u0119\u017cnie dzia\u0142aj\u0105c\u0105 polsk\u0105 firm\u0105, kt\u00f3ra funkcjonuje na rynku od 2003 roku. Jeste\u015bmy dystrybutorem marki Amber na Polsk\u0119, co umo\u017cliwia nam sprzeda\u017c wysokiej klasy papier\u00f3w graficznych. W swej ofercie posiadamy tektur\u0119 introligatorsk\u0105, kartony, papiery pakowe oraz szerok\u0105 gam\u0119 opakowa\u0144 wykonanych z folii, papieru i kartonu przeznaczonych przede wszystkim do sprzeda\u017cy w segmencie piekarsko-cukierniczym i w przemy\u015ble. Cz\u0119\u015b\u0107 opakowa\u0144 pochodzi z w\u0142asnej produkcji. Prowadzimy r\u00f3wnie\u017c us\u0142ugowe ci\u0119cie folii i papieru pakowego.<\/p>\n\n\n\n<p>&nbsp; &nbsp; Naszymi Klientami s\u0105 wydawnictwa, drukarnie, introligatornie, a tak\u017ce hurtownie i sklepy z bran\u017cy piekarniczo-cukierniczej i przemys\u0142owej. Staramy si\u0119 aby nasza firma by\u0142a rzetelna, solidna, a tak\u017ce mocno zorientowana na potrzeby Klienta. Fachowe doradztwo, wysokiej klasy produkty oraz terminowe dostawy powoduj\u0105, \u017ce od wielu lat RPH sukcesywnie si\u0119 rozwija.<\/p>\n\n\n\n<p>&nbsp; &nbsp; Serdecznie zapraszamy do wsp\u00f3\u0142pracy.<\/p>\n","protected":false},"excerpt":{"rendered":"<p>Firma RPH Sp. z o.o.\u00a0jest stabiln\u0105 i pr\u0119\u017cnie dzia\u0142aj\u0105c\u0105 polsk\u0105 firm\u0105, kt\u00f3ra funkcjonuje na rynku od 2003 roku. Jeste\u015bmy dystrybutorem marki Amber na Polsk\u0119, co umo\u017cliwia nam sprzeda\u017c wysokiej klasy papier\u00f3w graficznych. W swej ofercie posiadamy tektur\u0119 introligatorsk\u0105, kartony, papiery pakowe oraz szerok\u0105 gam\u0119 opakowa\u0144 wykonanych z folii, papieru i kartonu przeznaczonych przede wszystkim do [&hellip;]<\/p>\n","protected":false},"author":1,"featured_media":0,"parent":0,"menu_order":0,"comment_status":"closed","ping_status":"closed","template":"","meta":{"footnotes":""},"class_list":["post-26","page","type-page","status-publish","hentry"],"_links":{"self":[{"href":"https:\/\/rphpapier.dyalcom.pl\/index.php\/wp-json\/wp\/v2\/pages\/26","targetHints":{"allow":["GET"]}}],"collection":[{"href":"https:\/\/rphpapier.dyalcom.pl\/index.php\/wp-json\/wp\/v2\/pages"}],"about":[{"href":"https:\/\/rphpapier.dyalcom.pl\/index.php\/wp-json\/wp\/v2\/types\/page"}],"author":[{"embeddable":true,"href":"https:\/\/rphpapier.dyalcom.pl\/index.php\/wp-json\/wp\/v2\/users\/1"}],"replies":[{"embeddable":true,"href":"https:\/\/rphpapier.dyalcom.pl\/index.php\/wp-json\/wp\/v2\/comments?post=26"}],"version-history":[{"count":3,"href":"https:\/\/rphpapier.dyalcom.pl\/index.php\/wp-json\/wp\/v2\/pages\/26\/revisions"}],"predecessor-version":[{"id":80,"href":"https:\/\/rphpapier.dyalcom.pl\/index.php\/wp-json\/wp\/v2\/pages\/26\/revisions\/80"}],"wp:attachment":[{"href":"https:\/\/rphpapier.dyalcom.pl\/index.php\/wp-json\/wp\/v2\/media?parent=26"}],"curies":[{"name":"wp","href":"https:\/\/api.w.org\/{rel}","templated":true}]}}